{"id":990102633,"date":"2020-03-04T09:19:38","date_gmt":"2020-03-04T09:19:38","guid":{"rendered":"https:\/\/jeepsafaricorfu.com\/jeep-safari-tours-in-corfu-copy\/"},"modified":"2023-03-27T09:12:02","modified_gmt":"2023-03-27T09:12:02","slug":"jeep-safari-touren-auf-korfu","status":"publish","type":"page","link":"https:\/\/jeepsafaricorfu.com\/de\/jeep-safari-touren-auf-korfu\/","title":{"rendered":"Jeep Safari auf Korfu"},"content":{"rendered":"<div class=\"wpb-content-wrapper\">[vc_row tz_row_type=&#8221;grid&#8221; full_width=&#8221;stretch_row_content_no_spaces&#8221; css=&#8221;.vc_custom_1579022680094{padding-top: 40px !important;padding-bottom: 40px !important;}&#8221;][vc_column]\r\n    <div class=\"tzElement_FeaturedTour   type-5 \">\r\n\r\n                            <div class=\"tzTour-top\">\r\n\r\n                                    <h2 class=\"tour-title-background\">X Adventure Club<\/h2>\r\n                \r\n                                    <h2 class=\"tour-title\">SAFARI TOUREN AUF KORFU<\/h2>\r\n                \r\n                \r\n                                    <p class=\"tour-description\">Unter all den Abenteuern, die wir anbieten, sind wir auf gef\u00fchrte Safari-Abenteuertouren auf Korfu spezialisiert. Wir helfen Ihnen dabei, einige der wildesten und nat\u00fcrlichsten Aussichten sowie kulturelle Aspekte der Insel Korfu zu entdecken. W\u00e4hlen Sie eine unserer vorhandenen Touren aus oder fragen Sie uns nach einer privaten Tour, die auf Ihre Bed\u00fcrfnisse zugeschnitten ist.<\/p>\r\n                            <\/div>\r\n                        <div                 class=\"tzTour  \">\r\n                            <div class=\"tzTour-item\">\r\n                                        <div class=\"tzTour-item-box\">\r\n                                                                            <div class=\"tzImg-tour\">\r\n                                <div class=\"tz-thumb \">\r\n                                                                            <a href=\"https:\/\/jeepsafaricorfu.com\/de\/tour\/nw-safari-experience-auf-korfu\/\">\r\n                                            <img decoding=\"async\" class=\"\" src=\"https:\/\/jeepsafaricorfu.com\/wp-content\/uploads\/2022\/03\/northwest-jeep-safari-tour-583x600.jpg\" width=\"583\" height=\"600\" alt=\"northwest-jeep-safari-tour\" title=\"northwest-jeep-safari-tour\" loading=\"lazy\" \/>                                        <\/a>\r\n                                        \r\n                                                                    <\/div>\r\n                                                            <\/div>\r\n                                                                            <div class=\"tzTour-info tz-info\">\r\n\r\n                                <div class=\"tz-title\">\r\n                                    <h3><a href=\"https:\/\/jeepsafaricorfu.com\/de\/tour\/nw-safari-experience-auf-korfu\/\">Northwest Xperience<\/a><\/h3>\r\n\r\n                                <\/div>\r\n                                <div class=\"tzTour-info tzTour-info-left\">\r\n\r\n                                    <div class=\"tz-reviews\">\r\n                                        <div class=\"tz-average-rating\"> <div class=\"tz-rating tz-rating-4\"><\/div><\/div>                                        <span class=\"reviews-count\">0 Review<\/span>\r\n                                    <\/div>\r\n\r\n                                    <div class=\"clr\"><\/div>\r\n\r\n                                                                            <span class=\"tz-address\">\r\n                                                At your hotel                                            <\/span>\r\n                                    \r\n                                                                            <span class=\"tz-duration\">\r\n                                                6 Std                                            <\/span>\r\n                                    \r\n                                <\/div>\r\n\r\n                                \r\n                                    <div class=\"tzTour-info tzTour-info-right\">\r\n                                        <label>ab<\/label>\r\n                                        <span class=\"price\">\r\n                                                119\u20ac                                            <\/span>\r\n                                    <\/div>\r\n\r\n                                \r\n                                <div class=\"clr\"><\/div>\r\n                                <div class=\"tz-button\">\r\n                                                                            <a class=\"booking book-now-ajax-btn\"\r\n                                               href=\"https:\/\/jeepsafaricorfu.com\/de\/tour\/nw-safari-experience-auf-korfu\/\"\r\n                                               data-post-id=\"990105998\"\r\n                                                                                                    data-people-available=\"\"\r\n                                                                                               data-tour-type=\"daily\"\r\n                                               data-max-adults=\"5\"\r\n                                               data-max-kids=\"2\"\r\n                                               data-adults-price=\"119\"\r\n                                               data-child-price=\"75\"\r\n                                               data-discount=\"0\"\r\n                                               data-available-days='[\"4\"]'\r\n                                               data-start-date=\"2017-09-08\"\r\n                                               data-end-date=\"2017-09-30\"\r\n                                               data-departure-time='[]'>\r\n                                                Book Now                                                <span class=\"loading-ajax\"><\/span>\r\n                                            <\/a>\r\n                                                                    <\/div>\r\n                            <\/div>\r\n                                                                    <\/div>\r\n                                <\/div>\r\n                            <div class=\"tzTour-item\">\r\n                                        <div class=\"tzTour-item-box\">\r\n                                                                            <div class=\"tzImg-tour\">\r\n                                <div class=\"tz-thumb \">\r\n                                                                            <a href=\"https:\/\/jeepsafaricorfu.com\/de\/tour\/south-safari-experience-auf-korfu\/\">\r\n                                            <img decoding=\"async\" class=\"\" src=\"https:\/\/jeepsafaricorfu.com\/wp-content\/uploads\/2022\/03\/south-corfu-jeep-safari-tour-583x600.jpg\" width=\"583\" height=\"600\" alt=\"south-corfu-jeep-safari-tour\" title=\"south-corfu-jeep-safari-tour\" loading=\"lazy\" \/>                                        <\/a>\r\n                                        \r\n                                                                    <\/div>\r\n                                                            <\/div>\r\n                                                                            <div class=\"tzTour-info tz-info\">\r\n\r\n                                <div class=\"tz-title\">\r\n                                    <h3><a href=\"https:\/\/jeepsafaricorfu.com\/de\/tour\/south-safari-experience-auf-korfu\/\">South Xperience<\/a><\/h3>\r\n\r\n                                <\/div>\r\n                                <div class=\"tzTour-info tzTour-info-left\">\r\n\r\n                                    <div class=\"tz-reviews\">\r\n                                        <div class=\"tz-average-rating\"> <div class=\"tz-rating tz-rating-4\"><\/div><\/div>                                        <span class=\"reviews-count\">0 Review<\/span>\r\n                                    <\/div>\r\n\r\n                                    <div class=\"clr\"><\/div>\r\n\r\n                                                                            <span class=\"tz-address\">\r\n                                                At your hotel                                            <\/span>\r\n                                    \r\n                                                                            <span class=\"tz-duration\">\r\n                                                6 Std                                            <\/span>\r\n                                    \r\n                                <\/div>\r\n\r\n                                \r\n                                    <div class=\"tzTour-info tzTour-info-right\">\r\n                                        <label>ab<\/label>\r\n                                        <span class=\"price\">\r\n                                                119\u20ac                                            <\/span>\r\n                                    <\/div>\r\n\r\n                                \r\n                                <div class=\"clr\"><\/div>\r\n                                <div class=\"tz-button\">\r\n                                                                            <a class=\"booking book-now-ajax-btn\"\r\n                                               href=\"https:\/\/jeepsafaricorfu.com\/de\/tour\/south-safari-experience-auf-korfu\/\"\r\n                                               data-post-id=\"990105995\"\r\n                                                                                                    data-people-available=\"\"\r\n                                                                                               data-tour-type=\"daily\"\r\n                                               data-max-adults=\"5\"\r\n                                               data-max-kids=\"2\"\r\n                                               data-adults-price=\"119\"\r\n                                               data-child-price=\"70\"\r\n                                               data-discount=\"0\"\r\n                                               data-available-days='[\"6\"]'\r\n                                               data-start-date=\"2017-07-06\"\r\n                                               data-end-date=\"2017-07-22\"\r\n                                               data-departure-time='[]'>\r\n                                                Book Now                                                <span class=\"loading-ajax\"><\/span>\r\n                                            <\/a>\r\n                                                                    <\/div>\r\n                            <\/div>\r\n                                                                    <\/div>\r\n                                <\/div>\r\n                            <div class=\"tzTour-item\">\r\n                                        <div class=\"tzTour-item-box\">\r\n                                                                            <div class=\"tzImg-tour\">\r\n                                <div class=\"tz-thumb \">\r\n                                                                            <a href=\"https:\/\/jeepsafaricorfu.com\/de\/tour\/sonnenuntergang-private-jeep-safari-tour-auf-korfu\/\">\r\n                                            <img decoding=\"async\" class=\"\" src=\"https:\/\/jeepsafaricorfu.com\/wp-content\/uploads\/2017\/06\/sunset-jeep-safari-tour-583x600.jpg\" width=\"583\" height=\"600\" alt=\"sunset-jeep-safari-tour\" title=\"sunset-jeep-safari-tour\" loading=\"lazy\" \/>                                        <\/a>\r\n                                        \r\n                                                                    <\/div>\r\n                                                            <\/div>\r\n                                                                            <div class=\"tzTour-info tz-info\">\r\n\r\n                                <div class=\"tz-title\">\r\n                                    <h3><a href=\"https:\/\/jeepsafaricorfu.com\/de\/tour\/sonnenuntergang-private-jeep-safari-tour-auf-korfu\/\">Sonnenuntergang Private Touren<\/a><\/h3>\r\n\r\n                                <\/div>\r\n                                <div class=\"tzTour-info tzTour-info-left\">\r\n\r\n                                    <div class=\"tz-reviews\">\r\n                                        <div class=\"tz-average-rating\"> <div class=\"tz-rating tz-rating-50\"><\/div><\/div>                                        <span class=\"reviews-count\">0 Review<\/span>\r\n                                    <\/div>\r\n\r\n                                    <div class=\"clr\"><\/div>\r\n\r\n                                                                            <span class=\"tz-address\">\r\n                                                At your hotel                                            <\/span>\r\n                                    \r\n                                                                            <span class=\"tz-duration\">\r\n                                                5 Std                                            <\/span>\r\n                                    \r\n                                <\/div>\r\n\r\n                                \r\n                                    <div class=\"tzTour-info tzTour-info-right\">\r\n                                        <label>ab<\/label>\r\n                                        <span class=\"price\">\r\n                                                455\u20ac                                            <\/span>\r\n                                    <\/div>\r\n\r\n                                \r\n                                <div class=\"clr\"><\/div>\r\n                                <div class=\"tz-button\">\r\n                                                                            <a class=\"booking book-now-ajax-btn\"\r\n                                               href=\"https:\/\/jeepsafaricorfu.com\/de\/tour\/sonnenuntergang-private-jeep-safari-tour-auf-korfu\/\"\r\n                                               data-post-id=\"990102660\"\r\n                                                                                                    data-people-available=\"\"\r\n                                                                                               data-tour-type=\"daily\"\r\n                                               data-max-adults=\"5\"\r\n                                               data-max-kids=\"2\"\r\n                                               data-adults-price=\"455\"\r\n                                               data-child-price=\"\"\r\n                                               data-discount=\"0\"\r\n                                               data-available-days='[\"4\"]'\r\n                                               data-start-date=\"2017-09-08\"\r\n                                               data-end-date=\"2017-09-23\"\r\n                                               data-departure-time='[]'>\r\n                                                Book Now                                                <span class=\"loading-ajax\"><\/span>\r\n                                            <\/a>\r\n                                                                    <\/div>\r\n                            <\/div>\r\n                                                                    <\/div>\r\n                                <\/div>\r\n                            <div class=\"tzTour-item\">\r\n                                        <div class=\"tzTour-item-box\">\r\n                                                                            <div class=\"tzImg-tour\">\r\n                                <div class=\"tz-thumb \">\r\n                                                                            <a href=\"https:\/\/jeepsafaricorfu.com\/de\/tour\/durrells-xperience-jeep-safari-touren-auf-korfu\/\">\r\n                                            <img decoding=\"async\" class=\"\" src=\"https:\/\/jeepsafaricorfu.com\/wp-content\/uploads\/2017\/06\/durrells-jeep-safari-tour-583x600.jpg\" width=\"583\" height=\"600\" alt=\"durrells-jeep-safari-tour\" title=\"durrells-jeep-safari-tour\" loading=\"lazy\" \/>                                        <\/a>\r\n                                        \r\n                                                                    <\/div>\r\n                                                            <\/div>\r\n                                                                            <div class=\"tzTour-info tz-info\">\r\n\r\n                                <div class=\"tz-title\">\r\n                                    <h3><a href=\"https:\/\/jeepsafaricorfu.com\/de\/tour\/durrells-xperience-jeep-safari-touren-auf-korfu\/\">Durrells Xperience<\/a><\/h3>\r\n\r\n                                <\/div>\r\n                                <div class=\"tzTour-info tzTour-info-left\">\r\n\r\n                                    <div class=\"tz-reviews\">\r\n                                        <div class=\"tz-average-rating\"> <div class=\"tz-rating tz-rating-45\"><\/div><\/div>                                        <span class=\"reviews-count\">0 Review<\/span>\r\n                                    <\/div>\r\n\r\n                                    <div class=\"clr\"><\/div>\r\n\r\n                                                                            <span class=\"tz-address\">\r\n                                                At your hotel                                            <\/span>\r\n                                    \r\n                                                                            <span class=\"tz-duration\">\r\n                                                6 Std                                            <\/span>\r\n                                    \r\n                                <\/div>\r\n\r\n                                \r\n                                    <div class=\"tzTour-info tzTour-info-right\">\r\n                                        <label>ab<\/label>\r\n                                        <span class=\"price\">\r\n                                                136\u20ac                                            <\/span>\r\n                                    <\/div>\r\n\r\n                                \r\n                                <div class=\"clr\"><\/div>\r\n                                <div class=\"tz-button\">\r\n                                                                            <a class=\"booking book-now-ajax-btn\"\r\n                                               href=\"https:\/\/jeepsafaricorfu.com\/de\/tour\/durrells-xperience-jeep-safari-touren-auf-korfu\/\"\r\n                                               data-post-id=\"990102658\"\r\n                                                                                                    data-people-available=\"\"\r\n                                                                                               data-tour-type=\"daily\"\r\n                                               data-max-adults=\"5\"\r\n                                               data-max-kids=\"2\"\r\n                                               data-adults-price=\"136\"\r\n                                               data-child-price=\"\"\r\n                                               data-discount=\"0\"\r\n                                               data-available-days='[\"4\"]'\r\n                                               data-start-date=\"2017-09-07\"\r\n                                               data-end-date=\"2017-09-21\"\r\n                                               data-departure-time='[]'>\r\n                                                Book Now                                                <span class=\"loading-ajax\"><\/span>\r\n                                            <\/a>\r\n                                                                    <\/div>\r\n                            <\/div>\r\n                                                                    <\/div>\r\n                                <\/div>\r\n                    <\/div>\r\n                    <div class=\"tzTour-bottom\">\r\n                            <\/div>\r\n        \r\n        <script type=\"text\/javascript\">\r\n            jQuery(document).ready(function () {\r\n                \"use strict\";\r\n                jQuery('#tzTour-slider-1161920524').each(function () {\r\n                    jQuery(this).owlCarousel({\r\n                        rtl: false,\r\n                        nav: true,\r\n                        navText: [\"\",\"\"] ,\r\n                        autoplay: true,\r\n                        autoplayTimeout: 3000,\r\n                        loop: true,\r\n                        smartSpeed: 700,\r\n                        autoplayHoverPause: true,\r\n                        responsive: {\r\n                            0: {\r\n                                items: 1                            },\r\n                            600: {\r\n                                items: 1                            },\r\n                            992: {\r\n                                items: 1                            },\r\n                            1200: {\r\n                                items: 1                            },\r\n                            1500: {\r\n                                nav: true,\r\n                                items: 1                            }\r\n                        },\r\n                        margin:0\r\n                    })\r\n                })\r\n            });\r\n        <\/script>\r\n    <\/div>\r\n\r\n    [\/vc_column][\/vc_row]\n<\/div>","protected":false},"excerpt":{"rendered":"<p>[vc_row tz_row_type=&#8221;grid&#8221; full_width=&#8221;stretch_row_content_no_spaces&#8221; css=&#8221;.vc_custom_1579022680094{padding-top: 40px !important;padding-bottom: 40px !important;}&#8221;][vc_column][\/vc_column][\/vc_row]<\/p>\n","protected":false},"author":1,"featured_media":0,"parent":0,"menu_order":0,"comment_status":"closed","ping_status":"closed","template":"","meta":{"_acf_changed":false,"footnotes":""},"acf":[],"aioseo_notices":[],"_links":{"self":[{"href":"https:\/\/jeepsafaricorfu.com\/de\/wp-json\/wp\/v2\/pages\/990102633"}],"collection":[{"href":"https:\/\/jeepsafaricorfu.com\/de\/wp-json\/wp\/v2\/pages"}],"about":[{"href":"https:\/\/jeepsafaricorfu.com\/de\/wp-json\/wp\/v2\/types\/page"}],"author":[{"embeddable":true,"href":"https:\/\/jeepsafaricorfu.com\/de\/wp-json\/wp\/v2\/users\/1"}],"replies":[{"embeddable":true,"href":"https:\/\/jeepsafaricorfu.com\/de\/wp-json\/wp\/v2\/comments?post=990102633"}],"version-history":[{"count":3,"href":"https:\/\/jeepsafaricorfu.com\/de\/wp-json\/wp\/v2\/pages\/990102633\/revisions"}],"predecessor-version":[{"id":990110738,"href":"https:\/\/jeepsafaricorfu.com\/de\/wp-json\/wp\/v2\/pages\/990102633\/revisions\/990110738"}],"wp:attachment":[{"href":"https:\/\/jeepsafaricorfu.com\/de\/wp-json\/wp\/v2\/media?parent=990102633"}],"curies":[{"name":"wp","href":"https:\/\/api.w.org\/{rel}","templated":true}]}}