{"id":990102626,"date":"2020-03-04T08:51:05","date_gmt":"2020-03-04T08:51:05","guid":{"rendered":"https:\/\/jeepsafaricorfu.com\/top-14-places-to-visit-in-corfu-copy\/"},"modified":"2025-03-27T13:27:47","modified_gmt":"2025-03-27T13:27:47","slug":"top-14-geheime-orte-auf-korfu","status":"publish","type":"page","link":"https:\/\/jeepsafaricorfu.com\/de\/top-14-geheime-orte-auf-korfu\/","title":{"rendered":"14 geheime Orte auf Korfu"},"content":{"rendered":"<div class=\"wpb-content-wrapper\">[vc_row tz_row_type=&#8221;grid&#8221; css=&#8221;.vc_custom_1580801592543{padding-top: 50px !important;padding-bottom: 90px !important;background-color: #ffffff !important;}&#8221; el_id=&#8221;crab&#8221;][vc_column css=&#8221;.vc_custom_1496996563122{padding-right: 0px !important;padding-left: 0px !important;}&#8221;][vc_row_inner css=&#8221;.vc_custom_1496997267138{margin-top: 52px !important;}&#8221;][vc_column_inner css=&#8221;.vc_custom_1580726463655{padding-right: 0px !important;padding-left: 0px !important;}&#8221;][vc_column_text css=&#8221;.vc_custom_1679904663462{margin-bottom: 21px !important;padding-bottom: 6px !important;}&#8221;]\n<h2 style=\"text-align: center;\">Der Krabbensee<\/h2>\n[\/vc_column_text][vc_column_text css=&#8221;.vc_custom_1679904699672{margin-bottom: 2px !important;}&#8221;]\n<p style=\"text-align: center;\">Er befindet sich gut versteckt in der dichten Vegationszone von Korfu, in der N\u00e4he vom Dorf Poulades. Er liegt im n\u00f6rdlichen Teil der Insel, obwohl er sich s\u00fcdlicher der Gaidaranas-Seen befindet, die man zu Fu\u00df erreichen kann, w\u00e4hrend man die Natur und ihre einzigartige Sch\u00f6nheit erleben kann. Am Krabbensee bewundern Sie sowohl die herrliche, gr\u00fcne Landschaft, als auch die Felder die sich \u00fcber die ganze Fl\u00e4che ausstreckt haben und nur Eichen und Kermeseichen zu sehen sind. Im Fr\u00fchjahr wird die Natur um den Krabbensee bunt, da die Wiesenblumen in allen Farben bl\u00fchen. Der Krabbensee wird auch &#8220;Anchovies See&#8221; genannt, obwohl es keine glaubw\u00fcrdige Erkl\u00e4rung f\u00fcr diese zwei Namen gibt. Jedenfalls leben im See S\u00fc\u00dfwasserkrabben und in der Umgebung wachsen B\u00e4ume mit Namen &#8220;Anchovies&#8221;. In der N\u00e4he befindet sich auch das historische Kloster des heiligen Honoufri, Korfus.<\/p>\n[\/vc_column_text][\/vc_column_inner][\/vc_row_inner][\/vc_column][\/vc_row][vc_row tz_row_type=&#8221;grid&#8221; css=&#8221;.vc_custom_1580801603300{padding-top: 50px !important;padding-bottom: 90px !important;background-color: #fafafa !important;}&#8221; el_id=&#8221;durrells&#8221;][vc_column css=&#8221;.vc_custom_1496996563122{padding-right: 0px !important;padding-left: 0px !important;}&#8221;][vc_row_inner css=&#8221;.vc_custom_1497002811554{margin-top: 39px !important;}&#8221;][vc_column_inner width=&#8221;1\/2&#8243;][vc_single_image image=&#8221;990101649&#8243; img_size=&#8221;large&#8221;][\/vc_column_inner][vc_column_inner el_class=&#8221;tz-about-container&#8221; width=&#8221;1\/2&#8243; css=&#8221;.vc_custom_1580990670325{padding-top: 26px !important;padding-left: 50px !important;}&#8221; el_id=&#8221;col2&#8243;][vc_column_text]\n<h2 style=\"text-align: left; line-height: 35px;\">Die Durrell&#8217;s (Svens Haus)<\/h2>\n<p>&nbsp;<\/p>\n<p>&#8220;The Durrell&#8217;s&#8221; (auch bekannt als &#8220;The Durrell&#8217;s in Corfu&#8221; im amerikanischen Fernsehen) ist eine dramatische Kom\u00f6die Britischer Produktion, die sich auf drei Autobiographien von Gerald Davel basieren, mit dem Thema des 4 j\u00e4hrigen Aufenthaltes der Familie (1935-1939) auf der Insel Korfu. Die Serie spielt im Jahr 1935, als Luisa Durrell pl\u00f6tzlich ank\u00fcndigt, dass sie und ihre 4 Kinder von Bournemouth nach Korfu ziehen werden. Es folgt ein langwieriger Kampf der Familie sich in Korfu zurechtzufinden und sich an die Lebensweise der Insel anzupassen, da es keine Elektrizit\u00e4t gab, aber trotzdem als ein preiswertes Paradies auf Erden galt.[\/vc_column_text][\/vc_column_inner][\/vc_row_inner][\/vc_column][\/vc_row][vc_row tz_row_type=&#8221;grid&#8221; css=&#8221;.vc_custom_1580801633133{padding-top: 50px !important;padding-bottom: 90px !important;}&#8221; el_id=&#8221;paleokastritsa&#8221;][vc_column css=&#8221;.vc_custom_1496996563122{padding-right: 0px !important;padding-left: 0px !important;}&#8221;][vc_row_inner css=&#8221;.vc_custom_1497002811554{margin-top: 39px !important;}&#8221;][vc_column_inner el_class=&#8221;tz-about-container&#8221; width=&#8221;1\/2&#8243; css=&#8221;.vc_custom_1583313233479{padding-top: 26px !important;padding-right: 50px !important;}&#8221;][vc_column_text]\n<h2 style=\"text-align: left;\">Paleokastritsa<\/h2>\n<p>&nbsp;<\/p>\n<p>Paleokastritsa befindet sich nordwestlich aber nicht weit vom Zentrum entfernt, ungef\u00e4hr 25 Kilometer.<br \/>\nEs ist nicht nur eines der sch\u00f6nsten Orte der Insel, sondern auch der Ionischen Inseln. Paleokastritsa wird als der Schmuck Korfus bezeichnet und besteht aus einer Vielzahl von verborgenen Str\u00e4nden und Buchten, die sich durch kleine Kaps trennen. Der Ausblick vom Dorf Lakones vom H\u00fcgel \u00fcber Paleokastritsa ist einfach Atemberaubend. Dort gibt es einen kleinen Pfad, der die zwei D\u00f6rfer verbindet. Man kann den Pfad sowohl mit Eseln als auch zu Fu\u00df entlang erkunden. Auf dem Gipfel des H\u00fcgels, das im Westen liegt, befindet sich ein wundersch\u00f6nes Marien &#8211; Kloster aus dem 12. Jahrhundert. Das Kloster ist immer noch erhalten geblieben und wird von M\u00f6nchen bewohnt. In der Kirche kann man das ber\u00fchmte Bild von der Jungfrau Maria besichtigen.[\/vc_column_text][\/vc_column_inner][vc_column_inner width=&#8221;1\/2&#8243;][vc_single_image image=&#8221;990101570&#8243; img_size=&#8221;large&#8221;][\/vc_column_inner][\/vc_row_inner][\/vc_column][\/vc_row][vc_row tz_row_type=&#8221;grid&#8221; css=&#8221;.vc_custom_1580801693871{padding-top: 50px !important;padding-bottom: 90px !important;background-color: #fafafa !important;}&#8221; el_id=&#8221;akrotiri&#8221;][vc_column css=&#8221;.vc_custom_1496996563122{padding-right: 0px !important;padding-left: 0px !important;}&#8221;][vc_row_inner css=&#8221;.vc_custom_1497002811554{margin-top: 39px !important;}&#8221;][vc_column_inner width=&#8221;1\/2&#8243;][vc_single_image image=&#8221;990101652&#8243; img_size=&#8221;large&#8221;][\/vc_column_inner][vc_column_inner el_class=&#8221;tz-about-container&#8221; width=&#8221;1\/2&#8243; css=&#8221;.vc_custom_1580728912952{padding-top: 46px !important;padding-left: 50px !important;}&#8221;][vc_column_text]\n<h2 style=\"text-align: left;\">Akrotiri Cafe<\/h2>\n<p>&nbsp;<\/p>\n<p>Das&#8221; lounge Cafe &#8221; Akrotiri liegt auf einem Bergkap zwischen dem Strand Arillas und dem Strand Agios Stefanos. Von \u00fcberall aus hat man einen sch\u00f6nen Panoramablick, nicht nur \u00fcber diese zwei Str\u00e4nde, sondern auch die diapontia Inseln. Hier k\u00f6nnen Sie eine kleine Pause und einen Spaziergang machen, oder Sie k\u00f6nnen einfach halten, um die Landschaft zu genie\u00dfen und gleichzeitig einen Kaffee trinken. Es wird eine gro\u00dfe Auswahl von Getr\u00e4nken, belegten Baguette und Sandwich, Eiscreme und Kuchen angeboten. Am Abend ist es die beste Tageszeit Akrotiri zu besuchen, denn dann erlebt man den einmaligen Sonnenuntergang.[\/vc_column_text][\/vc_column_inner][\/vc_row_inner][\/vc_column][\/vc_row][vc_row tz_row_type=&#8221;grid&#8221; css=&#8221;.vc_custom_1580801668744{padding-top: 50px !important;padding-bottom: 90px !important;}&#8221; el_id=&#8221;corfubeer&#8221;][vc_column css=&#8221;.vc_custom_1496996563122{padding-right: 0px !important;padding-left: 0px !important;}&#8221;][vc_row_inner css=&#8221;.vc_custom_1497002811554{margin-top: 39px !important;}&#8221;][vc_column_inner el_class=&#8221;tz-about-container&#8221; width=&#8221;1\/2&#8243; css=&#8221;.vc_custom_1583313221643{padding-top: 0px !important;padding-right: 50px !important;}&#8221;][vc_column_text]\n<h2 style=\"text-align: left;\">Corfu Beer<\/h2>\n<p>&nbsp;<\/p>\n<p>Die korfiotische Kleinbrauerei liegt in Arillas, ein kleines Dorf im Norden Korfus. &#8220;Die Brauerei haben wir mit gro\u00dfer Lust und Liebe gegr\u00fcndet.&#8221; berichtet uns Herr Kaloudis. Die Firma wurde 2009 w\u00e4hrend der Wirtschaftskrise in Betrieb gesetzt mit Produktion von 80000 Flaschen Bier, 70000\u20ac Gewinn und drei Angestellten. Die Produktion ist auf 500000 Flaschen Bier gestiegen und hatte den enormen Umsatz 500000\u20ac. &#8220;Dieses Jahr haben wir investiert, um unsere Produktion zu steigern und um der Nachfrage zu entsprechen. Wir sch\u00e4tzen, dass unsere Produktion und Verk\u00e4ufe zu 30% steigen werden.&#8221; erg\u00e4nzt Herr Kaloudis. &#8221; Je mehr wir produzieren, desto mehr verkaufen wir. Die Nachfrage ist gew\u00f6hnlich h\u00f6her als das Angebot, da wir keine gro\u00dfe Industrie haben. Frisches Bier und ungefiltert.&#8221;<br \/>\nDa es in Griechenland noch kein frisches und ungefiltertes Bier gab, haben sie sich f\u00fcr die Herstellung dieses Produktes entschieden.[\/vc_column_text][\/vc_column_inner][vc_column_inner width=&#8221;1\/2&#8243;][vc_single_image image=&#8221;990101579&#8243; img_size=&#8221;large&#8221;][\/vc_column_inner][\/vc_row_inner][\/vc_column][\/vc_row][vc_row tz_row_type=&#8221;grid&#8221; css=&#8221;.vc_custom_1743081793849{padding-top: 50px !important;padding-bottom: 90px !important;background-color: #fafafa !important;}&#8221; el_id=&#8221;drastis&#8221;][vc_column css=&#8221;.vc_custom_1496996563122{padding-right: 0px !important;padding-left: 0px !important;}&#8221;][vc_row_inner css=&#8221;.vc_custom_1497002811554{margin-top: 39px !important;}&#8221;][vc_column_inner width=&#8221;1\/2&#8243;][vc_single_image image=&#8221;990101573&#8243; img_size=&#8221;large&#8221;][\/vc_column_inner][vc_column_inner el_class=&#8221;tz-about-container&#8221; width=&#8221;1\/2&#8243; css=&#8221;.vc_custom_1580730437613{padding-top: 56px !important;padding-right: 50px !important;}&#8221;][vc_column_text]\n<h2 style=\"text-align: left;\">Kap &#8220;Drastis&#8221;<\/h2>\n<p>&nbsp;<\/p>\n<p>Kap &#8220;Drastis&#8221; ist ein zauberhafter Ort mitten in einem Wald im Nordwesten der Insel Korfu und um konkreter zu werden im traditionellen Dorf &#8220;Peroulades&#8221;zu finden.Diese Sandstein Steilk\u00fcsten sind allein von Wind und Wetter nat\u00fcrlich geformt. Jenseits des Kaps, wo man schwimmen kann, befinden sich viele wundersch\u00f6ne, einsame Str\u00e4nde und verschiedene kleine Inseln. Dort k\u00f6nnen Sie sich sowohl entspannen, als auch &#8220;cliff-jumping&#8221; ausprobieren. Ein Vorteil ist, dass diese Orte nur vom Meer erreichbar sind und so sind sie vom menschlichen Eingriff gesch\u00fctzt.[\/vc_column_text][\/vc_column_inner][\/vc_row_inner][\/vc_column][\/vc_row][vc_row tz_row_type=&#8221;grid&#8221; css=&#8221;.vc_custom_1743081809525{padding-top: 50px !important;padding-bottom: 90px !important;}&#8221; el_id=&#8221;chlomos&#8221;][vc_column css=&#8221;.vc_custom_1496996563122{padding-right: 0px !important;padding-left: 0px !important;}&#8221;][vc_row_inner css=&#8221;.vc_custom_1497002811554{margin-top: 39px !important;}&#8221;][vc_column_inner el_class=&#8221;tz-about-container&#8221; width=&#8221;1\/2&#8243; css=&#8221;.vc_custom_1583313200659{padding-top: 0px !important;padding-left: 50px !important;}&#8221;][vc_column_text]\n<h2 style=\"text-align: left;\">Chlomos Dorf<\/h2>\n<p>&nbsp;<\/p>\n<p>&#8220;Chlomos&#8221; ist eines der \u00e4ltesten und malerischen D\u00f6rfer auf Korfu. Man nennt es auch &#8220;Korfus Balkon&#8221;, da man von dort aus &#8211; in 270 Meter H\u00f6he &#8211; die zauberhafte Aussicht sowohl des s\u00fcdlichen Teil Korfus als auch die \u00f6stliche K\u00fcstenlinie genie\u00dfen kann. &#8220;Chlomos&#8221; wurde ungef\u00e4hr im 13. Jahrhundert gebaut und hat eine besondere Architektur. Die H\u00e4user sind um den Platz des Dorfes gebaut und nicht der Hauptstra\u00dfe endlang. Die meisten H\u00e4user sind nach der venezianischen Architektur gebaut. Sie sind rot oder orange gef\u00e4rbt, was dem Dorf einen besonderen , traditionellen Stil widmet. W\u00e4hrend man durch den gepflasterten Gassen des Dorfes spazieren geht, entdeckt man alte Herrenh\u00e4user, unter denen auch das Haus vom &#8220;Despoti tou Moria&#8221; Thomas Paleologos, der Bruder des Kaisers Konstantinos Paleologos. Das Herrenhaus ist vom 15. Jahrhundert. &#8220;Chlomos&#8221; bedeutet &#8220;blass&#8221; und es wurde so genannt, da anfangs des 19. Jahrhunderts die Einwohner des Dorfes an Malaria erkrankten und aus diesem Grund blass waren.[\/vc_column_text][\/vc_column_inner][vc_column_inner width=&#8221;1\/2&#8243;][vc_single_image image=&#8221;990101574&#8243; img_size=&#8221;large&#8221;][\/vc_column_inner][\/vc_row_inner][\/vc_column][\/vc_row][vc_row tz_row_type=&#8221;grid&#8221; css=&#8221;.vc_custom_1580801764855{padding-top: 50px !important;padding-bottom: 90px !important;background-color: #fafafa !important;}&#8221; el_id=&#8221;lake&#8221;][vc_column css=&#8221;.vc_custom_1496996563122{padding-right: 0px !important;padding-left: 0px !important;}&#8221;][vc_row_inner css=&#8221;.vc_custom_1497002811554{margin-top: 39px !important;}&#8221;][vc_column_inner width=&#8221;1\/2&#8243;][vc_single_image image=&#8221;990101575&#8243; img_size=&#8221;large&#8221;][\/vc_column_inner][vc_column_inner el_class=&#8221;tz-about-container&#8221; width=&#8221;1\/2&#8243; css=&#8221;.vc_custom_1580734355066{padding-top: 36px !important;padding-left: 50px !important;}&#8221;][vc_column_text css=&#8221;.vc_custom_1713342031893{padding-top: 25px !important;}&#8221;]\n<h2 style=\"text-align: left;\">See oder Korission<\/h2>\n<p>&nbsp;<\/p>\n<p>Der Korission &#8211; See liegt im S\u00fcdwesten in Korfu, in der N\u00e4he vom Dorf &#8220;Argirades&#8221;. Es handelt sich um eine Fl\u00e4che von 6000 Dekar, die die Korission &#8211; Lagune und auch die Sandstr\u00e4nde um die Lagune herum befasst.<br \/>\nEine zauberhafte Landschaft mit der Lagune und den Sandh\u00fcgeln breitet sich vor unseren Augen aus und komponiert sich mit dem einzigartigen Zederwald, den es nur in diesem Teil des Mittelmeeres gibt. Der Korassion- See ist ebenfalls ein Schutzgebiet und ist zur NATURA beigetreten, wegen seines wichtigen \u00d6kosystems und besonders wegen seiner Vegazion und Fauna.[\/vc_column_text][\/vc_column_inner][\/vc_row_inner][\/vc_column][\/vc_row][vc_row tz_row_type=&#8221;grid&#8221; css=&#8221;.vc_custom_1580801776659{padding-top: 50px !important;padding-bottom: 90px !important;}&#8221; el_id=&#8221;governor&#8221;][vc_column css=&#8221;.vc_custom_1496996563122{padding-right: 0px !important;padding-left: 0px !important;}&#8221;][vc_row_inner css=&#8221;.vc_custom_1497002811554{margin-top: 39px !important;}&#8221;][vc_column_inner el_class=&#8221;tz-about-container&#8221; width=&#8221;1\/2&#8243; css=&#8221;.vc_custom_1580734492594{padding-top: 30px !important;padding-right: 50px !important;}&#8221;][vc_column_text]\n<h2 style=\"text-align: left;\">The Governor<\/h2>\n<p>&nbsp;<\/p>\n<p>Es handelt sich um ein sehr besonderes Oliven\u00f6l, aus der Olivensorte &#8220;Lianolia&#8221;, mit gro\u00dfem Wert f\u00fcr die Gesundheit, weil es Oleocanthal und Oleosine beh\u00e4lt. Das bedeutet praktisch, dass dieses Oliven\u00f6l ziemlich bitter und pikant ist, aber einen ausgezeichneten Geschmack hat. Es ist leicht fruchtig mit deutlichem Geschmack nach Kreuter, Gew\u00fcrz, Gem\u00fcse und Gras. Das Oliven\u00f6l &#8220;The Governor&#8221; hat das Interesse von den Fachleuten f\u00fcr Korfu geweckt und so wurde Korfu zur \u00d6lindustrie Griechenlands mit Anspruchdbegr\u00fcndung beigetreten. Dieses Oliven\u00f6l ist sehr selten mit Spitzenqualit\u00e4t und wird als Medikament eingenommen, w\u00e4hrend es sich an anspruchsvollen Konsumenten wendet, was den Geschmack betrifft. Au\u00dferdem wird es f\u00fcr den Finish besonderer Speisen bestimmt, bevor sie serviert werden.[\/vc_column_text][\/vc_column_inner][vc_column_inner width=&#8221;1\/2&#8243;][vc_single_image image=&#8221;990101576&#8243; img_size=&#8221;large&#8221;][\/vc_column_inner][\/vc_row_inner][\/vc_column][\/vc_row][vc_row tz_row_type=&#8221;grid&#8221; css=&#8221;.vc_custom_1580801847622{padding-top: 50px !important;padding-bottom: 90px !important;background-color: #fafafa !important;}&#8221; el_id=&#8221;olivetrees&#8221;][vc_column css=&#8221;.vc_custom_1496996563122{padding-right: 0px !important;padding-left: 0px !important;}&#8221;][vc_row_inner css=&#8221;.vc_custom_1497002811554{margin-top: 39px !important;}&#8221;][vc_column_inner width=&#8221;1\/2&#8243;][vc_single_image image=&#8221;990101577&#8243; img_size=&#8221;large&#8221;][\/vc_column_inner][vc_column_inner el_class=&#8221;tz-about-container&#8221; width=&#8221;1\/2&#8243; css=&#8221;.vc_custom_1679906335474{padding-top: 35px !important;padding-left: 50px !important;}&#8221;][vc_column_text css=&#8221;.vc_custom_1743082010241{padding-top: 25px !important;}&#8221;]\n<h2 style=\"text-align: left; line-height: 35px;\">Die gr\u00fcnste Insel Griechenlands<\/h2>\n<p>&nbsp;<\/p>\n<p>Korfu ist mit 4,5 Millionen Olivenb\u00e4umen gesegnet, die fast das 70% der gr\u00fcnen Fl\u00e4che der Insel bedeckt. Hier wird Oliven\u00f6l aus einer einzigartigen Sorte produziert, die &#8220;Lianolia&#8221;hei\u00dft, die es nur auf Korfu gibt.<br \/>\nAuf der Insel existieren uralte Olivenhaine, da die meisten Olivenb\u00e4ume ungef\u00e4hr zwischen 200 und 500 und Jahre alt sind. Die \u00e4ltesten B\u00e4ume hier, sch\u00e4tzt man 1000 bis 1500 Jahre alt.[\/vc_column_text][\/vc_column_inner][\/vc_row_inner][\/vc_column][\/vc_row][vc_row tz_row_type=&#8221;grid&#8221; css=&#8221;.vc_custom_1580990744698{padding-top: 50px !important;padding-bottom: 90px !important;background: #fafafa url(https:\/\/jeepsafaricorfu.com\/wp-content\/uploads\/2020\/01\/about-back-3.jpg?id=990101402) !important;background-position: center !important;background-repeat: no-repeat !important;background-size: cover !important;}&#8221; el_class=&#8221;history&#8221;][vc_column css=&#8221;.vc_custom_1496996563122{padding-right: 0px !important;padding-left: 0px !important;}&#8221;][vc_row_inner css=&#8221;.vc_custom_1497002811554{margin-top: 39px !important;}&#8221;][vc_column_inner]\r\n<div class=\"tzElement-heading-title tz_custom  \">\r\n    \r\n    <h2 class=\"tzTitle  Tz_align_center\" style=\"color:#ffffffpx;\">\r\n        Korfu Geschichte    <\/h2>\r\n\r\n        <div class=\"Tz_box Tz_center\">\r\n                    <div class=\"Tz_content\">\r\n                <p style=\"font-size: 16px;\">Die Architektur Korfus unterscheidet sich deutlich von den anderen St\u00e4dten Griechenlands, da sie sehr stark von Venedig beeinflusst wurde. Die meisten Geb\u00e4ude in der Stadt wurden nach dem venezianischem Modell gebaut.<\/p>\n            <\/div>\r\n        \r\n                    <div class=\"Tz_btn\" style=\"margin-top:0px;\" >\r\n                                    <a  href=\"https:\/\/jeepsafaricorfu.com\/de\/heiliger-spyridon-korfu-geschichte\/\" title=\"Heiliger Spyridon &amp; Korfu Geschichte\">\r\n                        WEITERLESEN                    <\/a>\r\n                            <\/div>\r\n            <\/div>\r\n<\/div>\r\n    [\/vc_column_inner][\/vc_row_inner][\/vc_column][\/vc_row]\n<\/div>","protected":false},"excerpt":{"rendered":"<p>[vc_row tz_row_type=&#8221;grid&#8221; css=&#8221;.vc_custom_1580801592543{padding-top: 50px !important;padding-bottom: 90px !important;background-color: #ffffff !important;}&#8221; el_id=&#8221;crab&#8221;][vc_column css=&#8221;.vc_custom_1496996563122{padding-right: 0px !important;padding-left: 0px !important;}&#8221;][vc_row_inner css=&#8221;.vc_custom_1496997267138{margin-top: 52px !important;}&#8221;][vc_column_inner css=&#8221;.vc_custom_1580726463655{padding-right: 0px !important;padding-left: 0px !important;}&#8221;][vc_column_text css=&#8221;.vc_custom_1679904663462{margin-bottom: 21px !important;padding-bottom: 6px !important;}&#8221;] Der Krabbensee [\/vc_column_text][vc_column_text css=&#8221;.vc_custom_1679904699672{margin-bottom: 2px !important;}&#8221;] Er befindet sich gut versteckt in der dichten Vegationszone von Korfu, in der N\u00e4he vom Dorf Poulades. Er liegt im n\u00f6rdlichen [&hellip;]<\/p>\n","protected":false},"author":1,"featured_media":0,"parent":0,"menu_order":0,"comment_status":"closed","ping_status":"closed","template":"","meta":{"_acf_changed":false,"footnotes":""},"acf":[],"aioseo_notices":[],"_links":{"self":[{"href":"https:\/\/jeepsafaricorfu.com\/de\/wp-json\/wp\/v2\/pages\/990102626"}],"collection":[{"href":"https:\/\/jeepsafaricorfu.com\/de\/wp-json\/wp\/v2\/pages"}],"about":[{"href":"https:\/\/jeepsafaricorfu.com\/de\/wp-json\/wp\/v2\/types\/page"}],"author":[{"embeddable":true,"href":"https:\/\/jeepsafaricorfu.com\/de\/wp-json\/wp\/v2\/users\/1"}],"replies":[{"embeddable":true,"href":"https:\/\/jeepsafaricorfu.com\/de\/wp-json\/wp\/v2\/comments?post=990102626"}],"version-history":[{"count":9,"href":"https:\/\/jeepsafaricorfu.com\/de\/wp-json\/wp\/v2\/pages\/990102626\/revisions"}],"predecessor-version":[{"id":990115636,"href":"https:\/\/jeepsafaricorfu.com\/de\/wp-json\/wp\/v2\/pages\/990102626\/revisions\/990115636"}],"wp:attachment":[{"href":"https:\/\/jeepsafaricorfu.com\/de\/wp-json\/wp\/v2\/media?parent=990102626"}],"curies":[{"name":"wp","href":"https:\/\/api.w.org\/{rel}","templated":true}]}}