{"id":990102623,"date":"2020-03-04T08:39:55","date_gmt":"2020-03-04T08:39:55","guid":{"rendered":"https:\/\/jeepsafaricorfu.com\/corfu-history-and-saint-spyridon-copy\/"},"modified":"2023-03-27T08:22:10","modified_gmt":"2023-03-27T08:22:10","slug":"heiliger-spyridon-korfu-geschichte","status":"publish","type":"page","link":"https:\/\/jeepsafaricorfu.com\/de\/heiliger-spyridon-korfu-geschichte\/","title":{"rendered":"Heiliger Spyridon &#038; Korfu Geschichte"},"content":{"rendered":"<div class=\"wpb-content-wrapper\">[vc_row tz_row_type=&#8221;grid&#8221; css=&#8221;.vc_custom_1580810486082{padding-top: 50px !important;padding-bottom: 90px !important;}&#8221; el_id=&#8221;spyridon&#8221;][vc_column css=&#8221;.vc_custom_1496996563122{padding-right: 0px !important;padding-left: 0px !important;}&#8221;][vc_row_inner css=&#8221;.vc_custom_1497002811554{margin-top: 39px !important;}&#8221;][vc_column_inner][vc_column_text css=&#8221;.vc_custom_1679905275678{padding-top: 0px !important;}&#8221;]\n<h2 style=\"text-align: center;\">Heiliger Spyridon<\/h2>\n<p style=\"text-align: center;\">Der heilige Spyridon wird sowohl von der West Orthodoxen Kirche, als auch von der Romeo Katholischen Kirche geehrt. Er ist der Schutzpatron Korfus. Sein Gedenktag ist am 12. Dezember(Namens und Feiertag auf Korfu) Viermal im Jahr wird der Schrein Spyridons in einer gro\u00dfen Prozession durch die Stra\u00dfen Korfus getragen.<br \/>\n1. Am Palmsonntag, um daran zu erinnern, dass der Heilige die Korfioten vor der Pest im Jahr 1629 bewahrte.<br \/>\n2. Seit 1550 am Karsamstag, als der Heilige die Korfioten vor der Hungersnot bewahrte.<br \/>\n3. Am 11. August, um daran zu erinnern, dass der Heilige die monatelange Belagerung der T\u00fcrken im Jahr 1716 abwendete und<br \/>\n4. Am ersten Sonntag im November, um daran zu erinnern, dass der Heilige die Korfioten auch vor der Pest im Jahr 1673 bewahrte.<br \/>\nDer Heilige Spyridon starb im Jahre 348. Der Leichnam befindet sich im Sarg in einem separatem Raum, rechts neben dem Altarraum der Kirche. Der Leichnam befindet sich in Korfu seit 1453. Deswegen werden Sie auf unserer Insel Leute mit diesem Namen so oft konfrontiert.<\/p>\n[\/vc_column_text][\/vc_column_inner][\/vc_row_inner][\/vc_column][\/vc_row][vc_row tz_row_type=&#8221;grid&#8221; css=&#8221;.vc_custom_1580810492525{padding-top: 50px !important;padding-bottom: 90px !important;background-color: #fafafa !important;}&#8221; el_id=&#8221;venetians&#8221;][vc_column css=&#8221;.vc_custom_1496996563122{padding-right: 0px !important;padding-left: 0px !important;}&#8221;][vc_row_inner css=&#8221;.vc_custom_1497002811554{margin-top: 39px !important;}&#8221;][vc_column_inner el_class=&#8221;tz-about-container&#8221; width=&#8221;1\/2&#8243; css=&#8221;.vc_custom_1580735083934{padding-top: 15px !important;padding-right: 50px !important;}&#8221;][vc_column_text]\n<h2 style=\"text-align: left;\">Venezianer auf Korfu<\/h2>\n<p>Die Architektur Korfus unterscheidet sich deutlich von den anderen St\u00e4dten Griechenlands, da sie sehr stark von Venedig und somit von den Italienern beeinflusst wurde. Die meisten Geb\u00e4ude in der Stadt wurden nach dem venezianischem Modell gebaut. Die Geb\u00e4ude haben mehrere Stockwerke und Dachziegel. Die Altstadt von Korfu ist erstaunlich \u00e4hnlich wie Venedig. W\u00e4hrend der venezianischen Herrschaft wurde auf Korfu die erste Oper in Griechenland gebaut, leider wurde diese beim zweiten Weltkrieg von den deutschen Angegriffen und zerst\u00f6rt. Viele venezianische Familien haben sich in Korfu niedergelassen und die italienische Sprache war auf der ganzen Insel bis Mitte des 20. Jahrhunderts verbreitet. Zur selben Zeit verwendeten auch die Korfioten viele venezianische W\u00f6rter, die bis heute noch verwendet werden. [\/vc_column_text][\/vc_column_inner][vc_column_inner width=&#8221;1\/2&#8243;][vc_single_image image=&#8221;990101613&#8243; img_size=&#8221;large&#8221;][\/vc_column_inner][\/vc_row_inner][\/vc_column][\/vc_row]\n<\/div>","protected":false},"excerpt":{"rendered":"<p>[vc_row tz_row_type=&#8221;grid&#8221; css=&#8221;.vc_custom_1580810486082{padding-top: 50px !important;padding-bottom: 90px !important;}&#8221; el_id=&#8221;spyridon&#8221;][vc_column css=&#8221;.vc_custom_1496996563122{padding-right: 0px !important;padding-left: 0px !important;}&#8221;][vc_row_inner css=&#8221;.vc_custom_1497002811554{margin-top: 39px !important;}&#8221;][vc_column_inner][vc_column_text css=&#8221;.vc_custom_1679905275678{padding-top: 0px !important;}&#8221;] Heiliger Spyridon Der heilige Spyridon wird sowohl von der West Orthodoxen Kirche, als auch von der Romeo Katholischen Kirche geehrt. Er ist der Schutzpatron Korfus. Sein Gedenktag ist am 12. Dezember(Namens und Feiertag auf Korfu) Viermal [&hellip;]<\/p>\n","protected":false},"author":1,"featured_media":0,"parent":0,"menu_order":0,"comment_status":"closed","ping_status":"closed","template":"","meta":{"_acf_changed":false,"footnotes":""},"acf":[],"aioseo_notices":[],"_links":{"self":[{"href":"https:\/\/jeepsafaricorfu.com\/de\/wp-json\/wp\/v2\/pages\/990102623"}],"collection":[{"href":"https:\/\/jeepsafaricorfu.com\/de\/wp-json\/wp\/v2\/pages"}],"about":[{"href":"https:\/\/jeepsafaricorfu.com\/de\/wp-json\/wp\/v2\/types\/page"}],"author":[{"embeddable":true,"href":"https:\/\/jeepsafaricorfu.com\/de\/wp-json\/wp\/v2\/users\/1"}],"replies":[{"embeddable":true,"href":"https:\/\/jeepsafaricorfu.com\/de\/wp-json\/wp\/v2\/comments?post=990102623"}],"version-history":[{"count":2,"href":"https:\/\/jeepsafaricorfu.com\/de\/wp-json\/wp\/v2\/pages\/990102623\/revisions"}],"predecessor-version":[{"id":990110691,"href":"https:\/\/jeepsafaricorfu.com\/de\/wp-json\/wp\/v2\/pages\/990102623\/revisions\/990110691"}],"wp:attachment":[{"href":"https:\/\/jeepsafaricorfu.com\/de\/wp-json\/wp\/v2\/media?parent=990102623"}],"curies":[{"name":"wp","href":"https:\/\/api.w.org\/{rel}","templated":true}]}}